{"id":16,"date":"2023-12-19T14:18:45","date_gmt":"2023-12-19T13:18:45","guid":{"rendered":"https:\/\/kitchenbywasa.se\/?page_id=16"},"modified":"2024-07-17T12:09:43","modified_gmt":"2024-07-17T10:09:43","slug":"hem","status":"publish","type":"page","link":"https:\/\/kitchenbywasa.se\/en\/","title":{"rendered":"Home"},"content":{"rendered":"<div class=\"bde-globalblock-16-236 bde-globalblock\">\n<header class=\"bde-header-builder-69-100-69-1 bde-header-builder bde-header-builder-69-100 bde-header-builder--sticky-scroll-slide bde-header-builder--overlay\">\n\n<div class=\"bde-header-builder__container\"><div class=\"bde-image-69-101-69-1 bde-image bde-image-69-101\">\n<figure class=\"breakdance-image breakdance-image--61\">\n\t<div class=\"breakdance-image-container\">\n\t\t<div class=\"breakdance-image-clip\"><img decoding=\"async\" class=\"breakdance-image-object\" src=\"https:\/\/kitchenbywasa.se\/wp-content\/uploads\/2024\/03\/Kitchen_by_Wasa_new.svg\" width=\"\" height=\"\"><\/div>\n\t<\/div><\/figure>\n\n<\/div><div class=\"bde-wp-menu-69-102-69-1 bde-wp-menu bde-wp-menu-69-102\">\n\n\n      \n        \n    <nav class=\"breakdance-menu breakdance-menu--collapse\">\n    <button class=\"breakdance-menu-toggle breakdance-menu-toggle--squeeze\" type=\"button\" aria-label=\"Open Menu\" aria-expanded=\"false\" aria-controls=\"menu-102\">\n                  <span class=\"breakdance-menu-toggle-icon\">\n            <span class=\"breakdance-menu-toggle-lines\"><\/span>\n          <\/span>\n            <\/button>\n    \n  <ul class=\"breakdance-menu-list\" id=\"menu-102\">\n              \n  \n    <li id=\"menu-item-39\" class=\"menu-item menu-item-type-post_type menu-item-object-page menu-item-home menu-item-39 breakdance-menu-item\"><a href=\"https:\/\/kitchenbywasa.se\/en\/\" class=\"breakdance-menu-link\">Home<\/a><\/li>\n<li id=\"menu-item-38\" class=\"menu-item menu-item-type-post_type menu-item-object-page menu-item-38 breakdance-menu-item\"><a href=\"https:\/\/kitchenbywasa.se\/en\/butik\/\" class=\"breakdance-menu-link\">Store<\/a><\/li>\n<li id=\"menu-item-35\" class=\"menu-item menu-item-type-post_type menu-item-object-page menu-item-35 breakdance-menu-item\"><a href=\"https:\/\/kitchenbywasa.se\/en\/mitt-konto\/\" class=\"breakdance-menu-link\">My account<\/a><\/li>\n<li id=\"menu-item-37\" class=\"menu-item menu-item-type-post_type menu-item-object-page menu-item-37 breakdance-menu-item\"><a href=\"https:\/\/kitchenbywasa.se\/en\/varukorg\/\" class=\"breakdance-menu-link\">Shopping cart<\/a><\/li>\n<li id=\"menu-item-36\" class=\"menu-item menu-item-type-post_type menu-item-object-page menu-item-36 breakdance-menu-item\"><a href=\"https:\/\/kitchenbywasa.se\/en\/kassan\/\" class=\"breakdance-menu-link\">Cash<\/a><\/li>\n\n  <\/ul>\n  <\/nav>\n\n\n<\/div><\/div>\n\n<div class=\"bde-header-builder__header-builder-border-bottom\"><\/div>\n\n<\/header>\n<\/div><section class=\"bde-section-16-111 bde-section\">\n              \n  \n\t\n\n  <div class=\"section-background-overlay\"><\/div>\n\n\n<div class=\"section-container\"><h1 class=\"bde-heading-16-112 bde-heading\">\nKitchen by Wasa\n<\/h1><div class=\"bde-text-16-234 bde-text\">\nUnique and timeless design solutions for your modern kitchen\n<\/div><\/div>\n<\/section><section class=\"bde-section-16-117 bde-section\">\n  \n\t\n\n\n\n<div class=\"section-container\"><div class=\"bde-div-16-122 bde-div\">\n  \n\t\n\n\n\n<div class=\"bde-div-16-123 bde-div\">\n  \n\t\n\n\n\n<div class=\"bde-image-16-124 bde-image\">\n<figure class=\"breakdance-image breakdance-image--43\">\n\t<div class=\"breakdance-image-container\">\n\t\t<div class=\"breakdance-image-clip\"><img loading=\"lazy\" decoding=\"async\" class=\"breakdance-image-object\" src=\"https:\/\/kitchenbywasa.se\/wp-content\/uploads\/2024\/02\/kam-idris-hYb7kbu4x7E-unsplash.jpg\" width=\"1920\" height=\"2097\" srcset=\"https:\/\/kitchenbywasa.se\/wp-content\/uploads\/2024\/02\/kam-idris-hYb7kbu4x7E-unsplash.jpg 1920w, https:\/\/kitchenbywasa.se\/wp-content\/uploads\/2024\/02\/kam-idris-hYb7kbu4x7E-unsplash-275x300.jpg 275w, https:\/\/kitchenbywasa.se\/wp-content\/uploads\/2024\/02\/kam-idris-hYb7kbu4x7E-unsplash-938x1024.jpg 938w, https:\/\/kitchenbywasa.se\/wp-content\/uploads\/2024\/02\/kam-idris-hYb7kbu4x7E-unsplash-768x839.jpg 768w, https:\/\/kitchenbywasa.se\/wp-content\/uploads\/2024\/02\/kam-idris-hYb7kbu4x7E-unsplash-1406x1536.jpg 1406w, https:\/\/kitchenbywasa.se\/wp-content\/uploads\/2024\/02\/kam-idris-hYb7kbu4x7E-unsplash-1875x2048.jpg 1875w, https:\/\/kitchenbywasa.se\/wp-content\/uploads\/2024\/02\/kam-idris-hYb7kbu4x7E-unsplash-600x655.jpg 600w\" sizes=\"(max-width: 1920px) 100vw, 1920px\"><\/div>\n\t<\/div><\/figure>\n\n<\/div><h3 class=\"bde-heading-16-125 bde-heading\">\nFIND YOUR KITCHEN MODEL\n<\/h3><div class=\"bde-text-16-126 bde-text\">\nThe kitchen model you choose must suit your needs. We have gathered all our kitchen models here to give you the best overview. \n<\/div>\n<\/div><div class=\"bde-div-16-127 bde-div\">\n  \n\t\n\n\n\n<div class=\"bde-image-16-128 bde-image\">\n<figure class=\"breakdance-image breakdance-image--44\">\n\t<div class=\"breakdance-image-container\">\n\t\t<div class=\"breakdance-image-clip\"><img loading=\"lazy\" decoding=\"async\" class=\"breakdance-image-object\" src=\"https:\/\/kitchenbywasa.se\/wp-content\/uploads\/2024\/02\/r-architecture-CCjAPxoQWgQ-unsplash-1-scaled.jpg\" width=\"1707\" height=\"2560\" srcset=\"https:\/\/kitchenbywasa.se\/wp-content\/uploads\/2024\/02\/r-architecture-CCjAPxoQWgQ-unsplash-1-scaled.jpg 1707w, https:\/\/kitchenbywasa.se\/wp-content\/uploads\/2024\/02\/r-architecture-CCjAPxoQWgQ-unsplash-1-200x300.jpg 200w, https:\/\/kitchenbywasa.se\/wp-content\/uploads\/2024\/02\/r-architecture-CCjAPxoQWgQ-unsplash-1-683x1024.jpg 683w, https:\/\/kitchenbywasa.se\/wp-content\/uploads\/2024\/02\/r-architecture-CCjAPxoQWgQ-unsplash-1-768x1152.jpg 768w, https:\/\/kitchenbywasa.se\/wp-content\/uploads\/2024\/02\/r-architecture-CCjAPxoQWgQ-unsplash-1-1024x1536.jpg 1024w, https:\/\/kitchenbywasa.se\/wp-content\/uploads\/2024\/02\/r-architecture-CCjAPxoQWgQ-unsplash-1-1365x2048.jpg 1365w, https:\/\/kitchenbywasa.se\/wp-content\/uploads\/2024\/02\/r-architecture-CCjAPxoQWgQ-unsplash-1-600x900.jpg 600w\" sizes=\"(max-width: 1707px) 100vw, 1707px\"><\/div>\n\t<\/div><\/figure>\n\n<\/div><h3 class=\"bde-heading-16-129 bde-heading\">\nDESIGN YOUR KITCHEN\n<\/h3><div class=\"bde-text-16-130 bde-text\">\nIn our 3D design module, you can play with your kitchen ideas and experience how colors and materials work together in your new kitchen. Try it yourself and let yourself be inspired by the many possibilities.\n<\/div>\n<\/div><div class=\"bde-div-16-131 bde-div\">\n  \n\t\n\n\n\n<div class=\"bde-image-16-132 bde-image\">\n<figure class=\"breakdance-image breakdance-image--45\">\n\t<div class=\"breakdance-image-container\">\n\t\t<div class=\"breakdance-image-clip\"><img loading=\"lazy\" decoding=\"async\" class=\"breakdance-image-object\" src=\"https:\/\/kitchenbywasa.se\/wp-content\/uploads\/2024\/02\/jakob-owens-XKLZia7hPYI-unsplash-scaled.jpg\" width=\"1707\" height=\"2560\" srcset=\"https:\/\/kitchenbywasa.se\/wp-content\/uploads\/2024\/02\/jakob-owens-XKLZia7hPYI-unsplash-scaled.jpg 1707w, https:\/\/kitchenbywasa.se\/wp-content\/uploads\/2024\/02\/jakob-owens-XKLZia7hPYI-unsplash-200x300.jpg 200w, https:\/\/kitchenbywasa.se\/wp-content\/uploads\/2024\/02\/jakob-owens-XKLZia7hPYI-unsplash-683x1024.jpg 683w, https:\/\/kitchenbywasa.se\/wp-content\/uploads\/2024\/02\/jakob-owens-XKLZia7hPYI-unsplash-768x1152.jpg 768w, https:\/\/kitchenbywasa.se\/wp-content\/uploads\/2024\/02\/jakob-owens-XKLZia7hPYI-unsplash-1024x1536.jpg 1024w, https:\/\/kitchenbywasa.se\/wp-content\/uploads\/2024\/02\/jakob-owens-XKLZia7hPYI-unsplash-1365x2048.jpg 1365w, https:\/\/kitchenbywasa.se\/wp-content\/uploads\/2024\/02\/jakob-owens-XKLZia7hPYI-unsplash-600x900.jpg 600w\" sizes=\"(max-width: 1707px) 100vw, 1707px\"><\/div>\n\t<\/div><\/figure>\n\n<\/div><h3 class=\"bde-heading-16-235 bde-heading\">\nCHOOSE A KITCHEN CONCEPT\n<\/h3><div class=\"bde-text-16-134 bde-text\">\nIs your kitchen style romantic, minimalist or somewhere in between? Our kitchen concepts guide you to your new kitchen style and help you create the kitchen that will take your breath away.\n<\/div>\n<\/div>\n<\/div><\/div>\n<\/section><section class=\"bde-section-16-241 bde-section\">\n  \n\t\n\n\n\n<div class=\"section-container\"><div class=\"bde-columns-16-242 bde-columns\"><div class=\"bde-column-16-243 bde-column\">\n  \n\t\n\n\n\n\n<\/div><div class=\"bde-column-16-244 bde-column\">\n  \n\t\n\n\n\n<div class=\"bde-rich-text-16-245 bde-rich-text breakdance-rich-text-styles\">\n<h2>Rich Text<\/h2><p>This is my rich text.<\/p><h3>I am a subheading<\/h3><p>This is <strong>more<\/strong> rich text.<\/p><ul><li><p>I am a list<\/p><\/li><li><p>Lists are cool<\/p><\/li><\/ul>\n<\/div>\n<\/div><\/div><\/div>\n<\/section><section class=\"bde-section-16-246 bde-section\">\n  \n\t\n\n\n\n<div class=\"section-container\"><div class=\"bde-columns-16-247 bde-columns\"><div class=\"bde-column-16-249 bde-column\">\n  \n\t\n\n\n\n<div class=\"bde-rich-text-16-250 bde-rich-text breakdance-rich-text-styles\">\n<h2>Rich Text<\/h2><p>This is my rich text.<\/p><h3>I am a subheading<\/h3><p>This is <strong>more<\/strong> rich text.<\/p><ul><li><p>I am a list<\/p><\/li><li><p>Lists are cool<\/p><\/li><\/ul>\n<\/div>\n<\/div><div class=\"bde-column-16-248 bde-column\">\n  \n\t\n\n\n\n\n<\/div><\/div><\/div>\n<\/section><section id=\"bd-fancy-section2\" class=\"bde-section-16-237 bde-section\">\n  \n\t\n\n\n\n<div class=\"section-container\"><div class=\"bde-image-16-238 bde-image\" data-parallax=\"true\">\n<figure class=\"breakdance-image breakdance-image--83\">\n\t<div class=\"breakdance-image-container\">\n\t\t<div class=\"breakdance-image-clip\"><img loading=\"lazy\" decoding=\"async\" class=\"breakdance-image-object\" src=\"https:\/\/kitchenbywasa.se\/wp-content\/uploads\/2024\/03\/lotus-design-n-print-ik9WP2V8Vas-unsplash.jpg\" width=\"1920\" height=\"1280\" srcset=\"https:\/\/kitchenbywasa.se\/wp-content\/uploads\/2024\/03\/lotus-design-n-print-ik9WP2V8Vas-unsplash.jpg 1920w, https:\/\/kitchenbywasa.se\/wp-content\/uploads\/2024\/03\/lotus-design-n-print-ik9WP2V8Vas-unsplash-300x200.jpg 300w, https:\/\/kitchenbywasa.se\/wp-content\/uploads\/2024\/03\/lotus-design-n-print-ik9WP2V8Vas-unsplash-1024x683.jpg 1024w, https:\/\/kitchenbywasa.se\/wp-content\/uploads\/2024\/03\/lotus-design-n-print-ik9WP2V8Vas-unsplash-768x512.jpg 768w, https:\/\/kitchenbywasa.se\/wp-content\/uploads\/2024\/03\/lotus-design-n-print-ik9WP2V8Vas-unsplash-1536x1024.jpg 1536w, https:\/\/kitchenbywasa.se\/wp-content\/uploads\/2024\/03\/lotus-design-n-print-ik9WP2V8Vas-unsplash-600x400.jpg 600w\" sizes=\"(max-width: 1920px) 100vw, 1920px\"><\/div>\n\t<\/div><\/figure>\n\n<\/div><h2 class=\"bde-heading-16-240 bde-heading\">\nGet inspiration and clever ideas\n<\/h2><\/div>\n<\/section>","protected":false},"excerpt":{"rendered":"<p>Hem Butik Mitt konto Varukorg Kassa Kitchen by Wasa Unika och tidsl\u00f6sa designl\u00f6sningar f\u00f6r ditt moderna k\u00f6k HITTA DIN K\u00d6KSMODELL K\u00f6ksmodellen du v\u00e4ljer ska passa dina behov. Vi har samlat alla v\u00e5ra k\u00f6ksmodeller h\u00e4r f\u00f6r att ge dig den b\u00e4sta \u00f6versikten. DESIGNA DITT K\u00d6K I v\u00e5r 3D -designmodlul kan du leka med dina k\u00f6ksid\u00e9er och [&hellip;]<\/p>","protected":false},"author":1,"featured_media":0,"parent":0,"menu_order":0,"comment_status":"closed","ping_status":"closed","template":"","meta":{"_breakdance_hide_in_design_set":false,"_breakdance_tags":"","footnotes":""},"class_list":["post-16","page","type-page","status-publish","hentry"],"_links":{"self":[{"href":"https:\/\/kitchenbywasa.se\/en\/wp-json\/wp\/v2\/pages\/16"}],"collection":[{"href":"https:\/\/kitchenbywasa.se\/en\/wp-json\/wp\/v2\/pages"}],"about":[{"href":"https:\/\/kitchenbywasa.se\/en\/wp-json\/wp\/v2\/types\/page"}],"author":[{"embeddable":true,"href":"https:\/\/kitchenbywasa.se\/en\/wp-json\/wp\/v2\/users\/1"}],"replies":[{"embeddable":true,"href":"https:\/\/kitchenbywasa.se\/en\/wp-json\/wp\/v2\/comments?post=16"}],"version-history":[{"count":33,"href":"https:\/\/kitchenbywasa.se\/en\/wp-json\/wp\/v2\/pages\/16\/revisions"}],"predecessor-version":[{"id":111,"href":"https:\/\/kitchenbywasa.se\/en\/wp-json\/wp\/v2\/pages\/16\/revisions\/111"}],"wp:attachment":[{"href":"https:\/\/kitchenbywasa.se\/en\/wp-json\/wp\/v2\/media?parent=16"}],"curies":[{"name":"wp","href":"https:\/\/api.w.org\/{rel}","templated":true}]}}